{"id":189,"date":"2024-01-09T13:38:31","date_gmt":"2024-01-09T11:38:31","guid":{"rendered":"https:\/\/www.trailerport.fi\/start\/"},"modified":"2024-02-15T10:36:44","modified_gmt":"2024-02-15T08:36:44","slug":"start","status":"publish","type":"page","link":"https:\/\/www.trailerport.fi\/sv\/","title":{"rendered":"Start"},"content":{"rendered":"\t\t<div data-elementor-type=\"wp-page\" data-elementor-id=\"189\" class=\"elementor elementor-189 elementor-20\">\n\t\t\t\t<div class=\"elementor-element elementor-element-8d32600 e-con-full e-flex e-con e-parent\" data-id=\"8d32600\" data-element_type=\"container\" data-settings=\"{&quot;background_background&quot;:&quot;slideshow&quot;,&quot;background_slideshow_gallery&quot;:[{&quot;id&quot;:48,&quot;url&quot;:&quot;https:\\\/\\\/www.trailerport.fi\\\/wp-content\\\/uploads\\\/2024\\\/01\\\/trailerport_bil.webp&quot;},{&quot;id&quot;:240,&quot;url&quot;:&quot;https:\\\/\\\/www.trailerport.fi\\\/wp-content\\\/uploads\\\/2024\\\/02\\\/trailerport-bilar.webp&quot;}],&quot;background_slideshow_loop&quot;:&quot;yes&quot;,&quot;background_slideshow_slide_duration&quot;:5000,&quot;background_slideshow_slide_transition&quot;:&quot;fade&quot;,&quot;background_slideshow_transition_duration&quot;:500}\" data-core-v316-plus=\"true\">\n\t\t<div class=\"elementor-element elementor-element-aa86c69 e-con-full e-flex elementor-invisible e-con e-child\" data-id=\"aa86c69\" data-element_type=\"container\" data-settings=\"{&quot;background_background&quot;:&quot;classic&quot;,&quot;animation&quot;:&quot;slideInDown&quot;}\">\n\t\t\t\t<div class=\"elementor-element elementor-element-cd6d863 elementor-widget elementor-widget-heading\" data-id=\"cd6d863\" data-element_type=\"widget\" data-widget_type=\"heading.default\">\n\t\t\t\t<div class=\"elementor-widget-container\">\n\t\t\t<style>\/*! elementor - v3.20.0 - 11-03-2024 *\/\n.elementor-heading-title{padding:0;margin:0;line-height:1}.elementor-widget-heading .elementor-heading-title[class*=elementor-size-]>a{color:inherit;font-size:inherit;line-height:inherit}.elementor-widget-heading .elementor-heading-title.elementor-size-small{font-size:15px}.elementor-widget-heading .elementor-heading-title.elementor-size-medium{font-size:19px}.elementor-widget-heading .elementor-heading-title.elementor-size-large{font-size:29px}.elementor-widget-heading .elementor-heading-title.elementor-size-xl{font-size:39px}.elementor-widget-heading .elementor-heading-title.elementor-size-xxl{font-size:59px}<\/style><h1 class=\"elementor-heading-title elementor-size-default\">TILL ER TJ\u00c4NST: ERIK LJUNG\nSERVICENUMMER +358 (0)500 471 673<\/h1>\t\t<\/div>\n\t\t\t\t<\/div>\n\t\t\t\t<\/div>\n\t\t\t\t<\/div>\n\t\t<div class=\"elementor-element elementor-element-ad81b80 e-flex e-con-boxed e-con e-parent\" data-id=\"ad81b80\" data-element_type=\"container\" data-core-v316-plus=\"true\">\n\t\t\t\t\t<div class=\"e-con-inner\">\n\t\t\t\t<div class=\"elementor-element elementor-element-e745dd2 elementor-widget elementor-widget-text-editor\" data-id=\"e745dd2\" data-element_type=\"widget\" data-widget_type=\"text-editor.default\">\n\t\t\t\t<div class=\"elementor-widget-container\">\n\t\t\t<style>\/*! elementor - v3.20.0 - 11-03-2024 *\/\n.elementor-widget-text-editor.elementor-drop-cap-view-stacked .elementor-drop-cap{background-color:#69727d;color:#fff}.elementor-widget-text-editor.elementor-drop-cap-view-framed .elementor-drop-cap{color:#69727d;border:3px solid;background-color:transparent}.elementor-widget-text-editor:not(.elementor-drop-cap-view-default) .elementor-drop-cap{margin-top:8px}.elementor-widget-text-editor:not(.elementor-drop-cap-view-default) .elementor-drop-cap-letter{width:1em;height:1em}.elementor-widget-text-editor .elementor-drop-cap{float:left;text-align:center;line-height:1;font-size:50px}.elementor-widget-text-editor .elementor-drop-cap-letter{display:inline-block}<\/style>\t\t\t\t<p>Trailer-Port \u00e4r mobil trailerservice: p\u00e5 v\u00e4gar, i hamnar och terminaler runtom i Finland. <br \/>Genom oss f\u00e5r du reparation och service p\u00e5 trailersl\u00e4p i Finland. \u00c4ven d\u00e4ckservice d\u00e4r sl\u00e4pet st\u00e5r.<\/p>\n<p>D\u00e4ckservice, sl\u00e4p reparationer mm. ocks\u00e5 presenningsreparationer. <br \/>V\u00e5r mobila enhet kommer dit hj\u00e4lpen beh\u00f6vs.<\/p>\n\t\t\t\t\t\t<\/div>\n\t\t\t\t<\/div>\n\t\t\t\t\t<\/div>\n\t\t\t\t<\/div>\n\t\t<div class=\"elementor-element elementor-element-f29e3f7 e-flex e-con-boxed e-con e-parent\" data-id=\"f29e3f7\" data-element_type=\"container\" data-core-v316-plus=\"true\">\n\t\t\t\t\t<div class=\"e-con-inner\">\n\t\t\t\t<div class=\"elementor-element elementor-element-36b7618 elementor-widget elementor-widget-heading\" data-id=\"36b7618\" data-element_type=\"widget\" data-widget_type=\"heading.default\">\n\t\t\t\t<div class=\"elementor-widget-container\">\n\t\t\t<h2 class=\"elementor-heading-title elementor-size-default\">TJ\u00c4NSTER<\/h2>\t\t<\/div>\n\t\t\t\t<\/div>\n\t\t\t\t<div class=\"elementor-element elementor-element-7a22137 elementor-widget elementor-widget-menu-anchor\" data-id=\"7a22137\" data-element_type=\"widget\" data-widget_type=\"menu-anchor.default\">\n\t\t\t\t<div class=\"elementor-widget-container\">\n\t\t\t<style>\/*! elementor - v3.20.0 - 11-03-2024 *\/\nbody.elementor-page .elementor-widget-menu-anchor{margin-bottom:0}<\/style>\t\t<div id=\"Tjnster\" class=\"elementor-menu-anchor\"><\/div>\n\t\t\t\t<\/div>\n\t\t\t\t<\/div>\n\t\t\t\t\t<\/div>\n\t\t\t\t<\/div>\n\t\t<div class=\"elementor-element elementor-element-43def25 e-flex e-con-boxed e-con e-parent\" data-id=\"43def25\" data-element_type=\"container\" data-core-v316-plus=\"true\">\n\t\t\t\t\t<div class=\"e-con-inner\">\n\t\t<div class=\"elementor-element elementor-element-b22547f e-con-full e-flex e-con e-child\" data-id=\"b22547f\" data-element_type=\"container\">\n\t\t\t\t<div class=\"elementor-element elementor-element-dbf4845 elementor-widget elementor-widget-heading\" data-id=\"dbf4845\" data-element_type=\"widget\" data-widget_type=\"heading.default\">\n\t\t\t\t<div class=\"elementor-widget-container\">\n\t\t\t<h3 class=\"elementor-heading-title elementor-size-default\">LUFTL\u00c4CKAGE<\/h3>\t\t<\/div>\n\t\t\t\t<\/div>\n\t\t\t\t<div class=\"elementor-element elementor-element-a0ac3f9 elementor-widget elementor-widget-image\" data-id=\"a0ac3f9\" data-element_type=\"widget\" data-widget_type=\"image.default\">\n\t\t\t\t<div class=\"elementor-widget-container\">\n\t\t\t<style>\/*! elementor - v3.20.0 - 11-03-2024 *\/\n.elementor-widget-image{text-align:center}.elementor-widget-image a{display:inline-block}.elementor-widget-image a img[src$=\".svg\"]{width:48px}.elementor-widget-image img{vertical-align:middle;display:inline-block}<\/style>\t\t\t\t\t\t\t\t\t\t<img fetchpriority=\"high\" decoding=\"async\" width=\"700\" height=\"700\" src=\"https:\/\/www.trailerport.fi\/wp-content\/uploads\/2024\/01\/ilmavuodot.jpg\" class=\"attachment-full size-full wp-image-73\" alt=\"\" srcset=\"https:\/\/www.trailerport.fi\/wp-content\/uploads\/2024\/01\/ilmavuodot.jpg 700w, https:\/\/www.trailerport.fi\/wp-content\/uploads\/2024\/01\/ilmavuodot-300x300.jpg 300w, https:\/\/www.trailerport.fi\/wp-content\/uploads\/2024\/01\/ilmavuodot-150x150.jpg 150w\" sizes=\"(max-width: 700px) 100vw, 700px\" \/>\t\t\t\t\t\t\t\t\t\t\t\t\t<\/div>\n\t\t\t\t<\/div>\n\t\t\t\t<div class=\"elementor-element elementor-element-124150d elementor-widget elementor-widget-text-editor\" data-id=\"124150d\" data-element_type=\"widget\" data-widget_type=\"text-editor.default\">\n\t\t\t\t<div class=\"elementor-widget-container\">\n\t\t\t\t\t\t\t<p>Luftl\u00e4ckage kan uppst\u00e5 i bromsar och fj\u00e4dring. Hos oss hittar ni b\u00e5de kunskap och kompetens f\u00f6r reparationen.<\/p>\n\t\t\t\t\t\t<\/div>\n\t\t\t\t<\/div>\n\t\t\t\t<\/div>\n\t\t<div class=\"elementor-element elementor-element-c678cee e-con-full e-flex e-con e-child\" data-id=\"c678cee\" data-element_type=\"container\">\n\t\t\t\t<div class=\"elementor-element elementor-element-dbb2c61 elementor-widget elementor-widget-heading\" data-id=\"dbb2c61\" data-element_type=\"widget\" data-widget_type=\"heading.default\">\n\t\t\t\t<div class=\"elementor-widget-container\">\n\t\t\t<h3 class=\"elementor-heading-title elementor-size-default\">ELPROBLEM<\/h3>\t\t<\/div>\n\t\t\t\t<\/div>\n\t\t\t\t<div class=\"elementor-element elementor-element-bdd5dd4 elementor-widget elementor-widget-image\" data-id=\"bdd5dd4\" data-element_type=\"widget\" data-widget_type=\"image.default\">\n\t\t\t\t<div class=\"elementor-widget-container\">\n\t\t\t\t\t\t\t\t\t\t\t\t\t<img decoding=\"async\" width=\"700\" height=\"699\" src=\"https:\/\/www.trailerport.fi\/wp-content\/uploads\/2024\/01\/sahkoongelmat.jpg\" class=\"attachment-full size-full wp-image-77\" alt=\"\" srcset=\"https:\/\/www.trailerport.fi\/wp-content\/uploads\/2024\/01\/sahkoongelmat.jpg 700w, https:\/\/www.trailerport.fi\/wp-content\/uploads\/2024\/01\/sahkoongelmat-300x300.jpg 300w, https:\/\/www.trailerport.fi\/wp-content\/uploads\/2024\/01\/sahkoongelmat-150x150.jpg 150w\" sizes=\"(max-width: 700px) 100vw, 700px\" \/>\t\t\t\t\t\t\t\t\t\t\t\t\t<\/div>\n\t\t\t\t<\/div>\n\t\t\t\t<div class=\"elementor-element elementor-element-5cd3ea7 elementor-widget elementor-widget-text-editor\" data-id=\"5cd3ea7\" data-element_type=\"widget\" data-widget_type=\"text-editor.default\">\n\t\t\t\t<div class=\"elementor-widget-container\">\n\t\t\t\t\t\t\t<p>Vi lagar belysningen p\u00e5 sl\u00e4pet och korrigerar andra elproblem samtidigt.<\/p>\n\t\t\t\t\t\t<\/div>\n\t\t\t\t<\/div>\n\t\t\t\t<\/div>\n\t\t<div class=\"elementor-element elementor-element-17750be e-con-full e-flex e-con e-child\" data-id=\"17750be\" data-element_type=\"container\">\n\t\t\t\t<div class=\"elementor-element elementor-element-097cf88 elementor-widget elementor-widget-heading\" data-id=\"097cf88\" data-element_type=\"widget\" data-widget_type=\"heading.default\">\n\t\t\t\t<div class=\"elementor-widget-container\">\n\t\t\t<h3 class=\"elementor-heading-title elementor-size-default\">SVETSNING<\/h3>\t\t<\/div>\n\t\t\t\t<\/div>\n\t\t\t\t<div class=\"elementor-element elementor-element-1c47880 elementor-widget elementor-widget-image\" data-id=\"1c47880\" data-element_type=\"widget\" data-widget_type=\"image.default\">\n\t\t\t\t<div class=\"elementor-widget-container\">\n\t\t\t\t\t\t\t\t\t\t\t\t\t<img decoding=\"async\" width=\"700\" height=\"700\" src=\"https:\/\/www.trailerport.fi\/wp-content\/uploads\/2024\/01\/hitsaus.jpg\" class=\"attachment-full size-full wp-image-81\" alt=\"\" srcset=\"https:\/\/www.trailerport.fi\/wp-content\/uploads\/2024\/01\/hitsaus.jpg 700w, https:\/\/www.trailerport.fi\/wp-content\/uploads\/2024\/01\/hitsaus-300x300.jpg 300w, https:\/\/www.trailerport.fi\/wp-content\/uploads\/2024\/01\/hitsaus-150x150.jpg 150w\" sizes=\"(max-width: 700px) 100vw, 700px\" \/>\t\t\t\t\t\t\t\t\t\t\t\t\t<\/div>\n\t\t\t\t<\/div>\n\t\t\t\t<div class=\"elementor-element elementor-element-b8cac55 elementor-widget elementor-widget-text-editor\" data-id=\"b8cac55\" data-element_type=\"widget\" data-widget_type=\"text-editor.default\">\n\t\t\t\t<div class=\"elementor-widget-container\">\n\t\t\t\t\t\t\t<p>Vi svetsar fast delar som lossnat, t.ex. stag som brustit, g\u00e5ngj\u00e4rn mm.<\/p>\n\t\t\t\t\t\t<\/div>\n\t\t\t\t<\/div>\n\t\t\t\t<\/div>\n\t\t\t\t\t<\/div>\n\t\t\t\t<\/div>\n\t\t<div class=\"elementor-element elementor-element-9da6e87 e-flex e-con-boxed e-con e-parent\" data-id=\"9da6e87\" data-element_type=\"container\" data-core-v316-plus=\"true\">\n\t\t\t\t\t<div class=\"e-con-inner\">\n\t\t<div class=\"elementor-element elementor-element-05693f8 e-con-full e-flex e-con e-child\" data-id=\"05693f8\" data-element_type=\"container\" data-settings=\"{&quot;background_background&quot;:&quot;classic&quot;}\">\n\t\t\t\t<div class=\"elementor-element elementor-element-df21ba7 elementor-widget elementor-widget-heading\" data-id=\"df21ba7\" data-element_type=\"widget\" data-widget_type=\"heading.default\">\n\t\t\t\t<div class=\"elementor-widget-container\">\n\t\t\t<h3 class=\"elementor-heading-title elementor-size-default\">BROMSFEL<\/h3>\t\t<\/div>\n\t\t\t\t<\/div>\n\t\t\t\t<div class=\"elementor-element elementor-element-8c1f7ea elementor-widget elementor-widget-image\" data-id=\"8c1f7ea\" data-element_type=\"widget\" data-widget_type=\"image.default\">\n\t\t\t\t<div class=\"elementor-widget-container\">\n\t\t\t\t\t\t\t\t\t\t\t\t\t<img loading=\"lazy\" decoding=\"async\" width=\"700\" height=\"700\" src=\"https:\/\/www.trailerport.fi\/wp-content\/uploads\/2024\/01\/jarruviat.jpg\" class=\"attachment-full size-full wp-image-85\" alt=\"\" srcset=\"https:\/\/www.trailerport.fi\/wp-content\/uploads\/2024\/01\/jarruviat.jpg 700w, https:\/\/www.trailerport.fi\/wp-content\/uploads\/2024\/01\/jarruviat-300x300.jpg 300w, https:\/\/www.trailerport.fi\/wp-content\/uploads\/2024\/01\/jarruviat-150x150.jpg 150w\" sizes=\"(max-width: 700px) 100vw, 700px\" \/>\t\t\t\t\t\t\t\t\t\t\t\t\t<\/div>\n\t\t\t\t<\/div>\n\t\t\t\t<div class=\"elementor-element elementor-element-ca2bb33 elementor-widget elementor-widget-text-editor\" data-id=\"ca2bb33\" data-element_type=\"widget\" data-widget_type=\"text-editor.default\">\n\t\t\t\t<div class=\"elementor-widget-container\">\n\t\t\t\t\t\t\t<p>Vi kan hj\u00e4lpa till och \u00f6ppna l\u00e5sta, frysta eller annars problematiska bromsar.<\/p>\n\t\t\t\t\t\t<\/div>\n\t\t\t\t<\/div>\n\t\t\t\t<\/div>\n\t\t<div class=\"elementor-element elementor-element-11ba686 e-con-full e-flex e-con e-child\" data-id=\"11ba686\" data-element_type=\"container\">\n\t\t\t\t<div class=\"elementor-element elementor-element-169c25d elementor-widget elementor-widget-heading\" data-id=\"169c25d\" data-element_type=\"widget\" data-widget_type=\"heading.default\">\n\t\t\t\t<div class=\"elementor-widget-container\">\n\t\t\t<h3 class=\"elementor-heading-title elementor-size-default\">PRESENNINGS REPARATIONER<\/h3>\t\t<\/div>\n\t\t\t\t<\/div>\n\t\t\t\t<div class=\"elementor-element elementor-element-3f4a7a7 elementor-widget elementor-widget-image\" data-id=\"3f4a7a7\" data-element_type=\"widget\" data-widget_type=\"image.default\">\n\t\t\t\t<div class=\"elementor-widget-container\">\n\t\t\t\t\t\t\t\t\t\t\t\t\t<img loading=\"lazy\" decoding=\"async\" width=\"700\" height=\"700\" src=\"https:\/\/www.trailerport.fi\/wp-content\/uploads\/2024\/01\/pressu.jpg\" class=\"attachment-full size-full wp-image-89\" alt=\"\" srcset=\"https:\/\/www.trailerport.fi\/wp-content\/uploads\/2024\/01\/pressu.jpg 700w, https:\/\/www.trailerport.fi\/wp-content\/uploads\/2024\/01\/pressu-300x300.jpg 300w, https:\/\/www.trailerport.fi\/wp-content\/uploads\/2024\/01\/pressu-150x150.jpg 150w\" sizes=\"(max-width: 700px) 100vw, 700px\" \/>\t\t\t\t\t\t\t\t\t\t\t\t\t<\/div>\n\t\t\t\t<\/div>\n\t\t\t\t<div class=\"elementor-element elementor-element-5626aef elementor-widget elementor-widget-text-editor\" data-id=\"5626aef\" data-element_type=\"widget\" data-widget_type=\"text-editor.default\">\n\t\t\t\t<div class=\"elementor-widget-container\">\n\t\t\t\t\t\t\t<p>Vi reparerar olika sl\u00e4p presenningars TIR-reparationer. Vi g\u00f6r ocks\u00e5 presenningshall reparationer.<\/p>\n\t\t\t\t\t\t<\/div>\n\t\t\t\t<\/div>\n\t\t\t\t<\/div>\n\t\t<div class=\"elementor-element elementor-element-4c1a2dc e-con-full e-flex e-con e-child\" data-id=\"4c1a2dc\" data-element_type=\"container\">\n\t\t\t\t<div class=\"elementor-element elementor-element-18683f5 elementor-widget elementor-widget-heading\" data-id=\"18683f5\" data-element_type=\"widget\" data-widget_type=\"heading.default\">\n\t\t\t\t<div class=\"elementor-widget-container\">\n\t\t\t<h3 class=\"elementor-heading-title elementor-size-default\">D\u00c4CKSERVICE<\/h3>\t\t<\/div>\n\t\t\t\t<\/div>\n\t\t\t\t<div class=\"elementor-element elementor-element-ce3f4b3 elementor-widget elementor-widget-image\" data-id=\"ce3f4b3\" data-element_type=\"widget\" data-widget_type=\"image.default\">\n\t\t\t\t<div class=\"elementor-widget-container\">\n\t\t\t\t\t\t\t\t\t\t\t\t\t<img loading=\"lazy\" decoding=\"async\" width=\"700\" height=\"700\" src=\"https:\/\/www.trailerport.fi\/wp-content\/uploads\/2024\/01\/rengasrikko.jpg\" class=\"attachment-full size-full wp-image-93\" alt=\"\" srcset=\"https:\/\/www.trailerport.fi\/wp-content\/uploads\/2024\/01\/rengasrikko.jpg 700w, https:\/\/www.trailerport.fi\/wp-content\/uploads\/2024\/01\/rengasrikko-300x300.jpg 300w, https:\/\/www.trailerport.fi\/wp-content\/uploads\/2024\/01\/rengasrikko-150x150.jpg 150w\" sizes=\"(max-width: 700px) 100vw, 700px\" \/>\t\t\t\t\t\t\t\t\t\t\t\t\t<\/div>\n\t\t\t\t<\/div>\n\t\t\t\t<div class=\"elementor-element elementor-element-4b5ebf3 elementor-widget elementor-widget-text-editor\" data-id=\"4b5ebf3\" data-element_type=\"widget\" data-widget_type=\"text-editor.default\">\n\t\t\t\t<div class=\"elementor-widget-container\">\n\t\t\t\t\t\t\t<p>D\u00e4ckservice p\u00e5 plats. Dessutom montering, reparation, regummering och f\u00f6rs\u00e4ljning. .<\/p>\n\t\t\t\t\t\t<\/div>\n\t\t\t\t<\/div>\n\t\t\t\t<\/div>\n\t\t\t\t\t<\/div>\n\t\t\t\t<\/div>\n\t\t<div class=\"elementor-element elementor-element-8c79994 e-flex e-con-boxed e-con e-parent\" data-id=\"8c79994\" data-element_type=\"container\" data-core-v316-plus=\"true\">\n\t\t\t\t\t<div class=\"e-con-inner\">\n\t\t<div class=\"elementor-element elementor-element-6049c05 e-con-full e-flex e-con e-child\" data-id=\"6049c05\" data-element_type=\"container\">\n\t\t\t\t<div class=\"elementor-element elementor-element-ebdda84 elementor-widget elementor-widget-menu-anchor\" data-id=\"ebdda84\" data-element_type=\"widget\" data-widget_type=\"menu-anchor.default\">\n\t\t\t\t<div class=\"elementor-widget-container\">\n\t\t\t\t\t<div id=\"Kontakt\" class=\"elementor-menu-anchor\"><\/div>\n\t\t\t\t<\/div>\n\t\t\t\t<\/div>\n\t\t\t\t<div class=\"elementor-element elementor-element-b09180b elementor-widget elementor-widget-heading\" data-id=\"b09180b\" data-element_type=\"widget\" data-widget_type=\"heading.default\">\n\t\t\t\t<div class=\"elementor-widget-container\">\n\t\t\t<h2 class=\"elementor-heading-title elementor-size-default\">KONTAKT<\/h2>\t\t<\/div>\n\t\t\t\t<\/div>\n\t\t\t\t<div class=\"elementor-element elementor-element-8f72bf1 elementor-widget elementor-widget-text-editor\" data-id=\"8f72bf1\" data-element_type=\"widget\" data-widget_type=\"text-editor.default\">\n\t\t\t\t<div class=\"elementor-widget-container\">\n\t\t\t\t\t\t\t<p><strong>Trailer-Port<\/strong><\/p>\n<p><strong>Adress:<\/strong> Trollbergsv\u00e4gen 9, 10650 Eken\u00e4s<br \/><strong>E-post:<\/strong> <span id=\"cloak3be7bd72bfda7d9bf4d2308cb5eb1aae\"><a href=\"mailto:info@trailerport.fi\">info@trailerport.fi<\/a><\/span><\/p>\n<p><strong>Telefon:<\/strong> +358 (0)500 471 673<\/p>\n\t\t\t\t\t\t<\/div>\n\t\t\t\t<\/div>\n\t\t\t\t<\/div>\n\t\t<div class=\"elementor-element elementor-element-7257002 e-con-full e-flex e-con e-child\" data-id=\"7257002\" data-element_type=\"container\">\n\t\t\t\t<div class=\"elementor-element elementor-element-24853d3 elementor-widget elementor-widget-google_maps\" data-id=\"24853d3\" data-element_type=\"widget\" data-widget_type=\"google_maps.default\">\n\t\t\t\t<div class=\"elementor-widget-container\">\n\t\t\t<style>\/*! elementor - v3.20.0 - 11-03-2024 *\/\n.elementor-widget-google_maps .elementor-widget-container{overflow:hidden}.elementor-widget-google_maps .elementor-custom-embed{line-height:0}.elementor-widget-google_maps iframe{height:300px}<\/style>\t\t<div class=\"elementor-custom-embed\">\n\t\t\t<iframe loading=\"lazy\"\n\t\t\t\t\tsrc=\"https:\/\/maps.google.com\/maps?q=Trailer-Port&#038;t=m&#038;z=9&#038;output=embed&#038;iwloc=near\"\n\t\t\t\t\ttitle=\"Trailer-Port\"\n\t\t\t\t\taria-label=\"Trailer-Port\"\n\t\t\t><\/iframe>\n\t\t<\/div>\n\t\t\t\t<\/div>\n\t\t\t\t<\/div>\n\t\t\t\t<\/div>\n\t\t\t\t\t<\/div>\n\t\t\t\t<\/div>\n\t\t\t\t<\/div>\n\t\t","protected":false},"excerpt":{"rendered":"<p>TILL ER TJ\u00c4NST: ERIK LJUNG SERVICENUMMER +358 (0)500 471 673 Trailer-Port \u00e4r mobil trailerservice: p\u00e5 v\u00e4gar, i hamnar och terminaler [&hellip;]<\/p>\n","protected":false},"author":1,"featured_media":0,"parent":0,"menu_order":0,"comment_status":"closed","ping_status":"closed","template":"","meta":{"site-sidebar-layout":"no-sidebar","site-content-layout":"","ast-site-content-layout":"full-width-container","site-content-style":"default","site-sidebar-style":"default","ast-global-header-display":"","ast-banner-title-visibility":"","ast-main-header-display":"","ast-hfb-above-header-display":"","ast-hfb-below-header-display":"","ast-hfb-mobile-header-display":"","site-post-title":"disabled","ast-breadcrumbs-content":"","ast-featured-img":"disabled","footer-sml-layout":"","theme-transparent-header-meta":"","adv-header-id-meta":"","stick-header-meta":"","header-above-stick-meta":"","header-main-stick-meta":"","header-below-stick-meta":"","astra-migrate-meta-layouts":"default","ast-page-background-enabled":"default","ast-page-background-meta":{"desktop":{"background-color":"var(--ast-global-color-4)","background-image":"","background-repeat":"repeat","background-position":"center center","background-size":"auto","background-attachment":"scroll","background-type":"","background-media":"","overlay-type":"","overlay-color":"","overlay-gradient":""},"tablet":{"background-color":"","background-image":"","background-repeat":"repeat","background-position":"center center","background-size":"auto","background-attachment":"scroll","background-type":"","background-media":"","overlay-type":"","overlay-color":"","overlay-gradient":""},"mobile":{"background-color":"","background-image":"","background-repeat":"repeat","background-position":"center center","background-size":"auto","background-attachment":"scroll","background-type":"","background-media":"","overlay-type":"","overlay-color":"","overlay-gradient":""}},"ast-content-background-meta":{"desktop":{"background-color":"var(--ast-global-color-5)","background-image":"","background-repeat":"repeat","background-position":"center center","background-size":"auto","background-attachment":"scroll","background-type":"","background-media":"","overlay-type":"","overlay-color":"","overlay-gradient":""},"tablet":{"background-color":"var(--ast-global-color-5)","background-image":"","background-repeat":"repeat","background-position":"center center","background-size":"auto","background-attachment":"scroll","background-type":"","background-media":"","overlay-type":"","overlay-color":"","overlay-gradient":""},"mobile":{"background-color":"var(--ast-global-color-5)","background-image":"","background-repeat":"repeat","background-position":"center center","background-size":"auto","background-attachment":"scroll","background-type":"","background-media":"","overlay-type":"","overlay-color":"","overlay-gradient":""}},"footnotes":""},"_links":{"self":[{"href":"https:\/\/www.trailerport.fi\/sv\/wp-json\/wp\/v2\/pages\/189"}],"collection":[{"href":"https:\/\/www.trailerport.fi\/sv\/wp-json\/wp\/v2\/pages"}],"about":[{"href":"https:\/\/www.trailerport.fi\/sv\/wp-json\/wp\/v2\/types\/page"}],"author":[{"embeddable":true,"href":"https:\/\/www.trailerport.fi\/sv\/wp-json\/wp\/v2\/users\/1"}],"replies":[{"embeddable":true,"href":"https:\/\/www.trailerport.fi\/sv\/wp-json\/wp\/v2\/comments?post=189"}],"version-history":[{"count":17,"href":"https:\/\/www.trailerport.fi\/sv\/wp-json\/wp\/v2\/pages\/189\/revisions"}],"predecessor-version":[{"id":248,"href":"https:\/\/www.trailerport.fi\/sv\/wp-json\/wp\/v2\/pages\/189\/revisions\/248"}],"wp:attachment":[{"href":"https:\/\/www.trailerport.fi\/sv\/wp-json\/wp\/v2\/media?parent=189"}],"curies":[{"name":"wp","href":"https:\/\/api.w.org\/{rel}","templated":true}]}}